{"id":160,"date":"2016-05-16T10:21:04","date_gmt":"2016-05-16T10:21:04","guid":{"rendered":"http:\/\/homepage.das-thueringen-dach.de\/?page_id=160"},"modified":"2022-01-22T17:26:54","modified_gmt":"2022-01-22T17:26:54","slug":"unternehmen","status":"publish","type":"page","link":"https:\/\/www.das-thueringen-dach.de\/?page_id=160","title":{"rendered":"Unternehmen"},"content":{"rendered":"<p style=\"text-align: center;\">Wir sind ein Meisterbetrieb mit einem leistungsstarken Team aus qualifizierten Facharbeitern.<br \/>\nWir blicken nunmehr auf eine 8-j\u00e4hrige Berufserfahrung als eigenst\u00e4ndiges Unternehmen zur\u00fcck.<br \/>\nIn dieser Zeit realisierten wir sowohl Gro\u00dfauftr\u00e4ge bis zu kleinen Ziegelausbesserungen.<br \/>\nVoraussetzungen unserer Arbeiten sind unsere Qualit\u00e4tsstandards.<\/p>\n<p style=\"text-align: center;\"><a href=\"http:\/\/www.das-thueringen-dach.de\/wp-content\/uploads\/2022\/01\/zusammen_neu-scaled.jpg\"><img loading=\"lazy\" decoding=\"async\" class=\"aligncenter size-full wp-image-180\" src=\"http:\/\/www.das-thueringen-dach.de\/wp-content\/uploads\/2022\/01\/zusammen_neu-scaled.jpg\" alt=\"zusammen\" width=\"2560\" height=\"380\"><\/a><\/p>\n","protected":false},"excerpt":{"rendered":"<p>Wir sind ein Meisterbetrieb mit einem leistungsstarken Team aus qualifizierten Facharbeitern. Wir blicken nunmehr auf eine 8-j\u00e4hrige Berufserfahrung als eigenst\u00e4ndiges Unternehmen zur\u00fcck. In dieser Zeit realisierten wir sowohl Gro\u00dfauftr\u00e4ge bis zu kleinen Ziegelausbesserungen. Voraussetzungen unserer Arbeiten sind unsere Qualit\u00e4tsstandards.<\/p>\n","protected":false},"author":1,"featured_media":0,"parent":0,"menu_order":0,"comment_status":"closed","ping_status":"closed","template":"","meta":{"footnotes":""},"class_list":["post-160","page","type-page","status-publish","hentry"],"_links":{"self":[{"href":"https:\/\/www.das-thueringen-dach.de\/index.php?rest_route=\/wp\/v2\/pages\/160"}],"collection":[{"href":"https:\/\/www.das-thueringen-dach.de\/index.php?rest_route=\/wp\/v2\/pages"}],"about":[{"href":"https:\/\/www.das-thueringen-dach.de\/index.php?rest_route=\/wp\/v2\/types\/page"}],"author":[{"embeddable":true,"href":"https:\/\/www.das-thueringen-dach.de\/index.php?rest_route=\/wp\/v2\/users\/1"}],"replies":[{"embeddable":true,"href":"https:\/\/www.das-thueringen-dach.de\/index.php?rest_route=%2Fwp%2Fv2%2Fcomments&post=160"}],"version-history":[{"count":7,"href":"https:\/\/www.das-thueringen-dach.de\/index.php?rest_route=\/wp\/v2\/pages\/160\/revisions"}],"predecessor-version":[{"id":313,"href":"https:\/\/www.das-thueringen-dach.de\/index.php?rest_route=\/wp\/v2\/pages\/160\/revisions\/313"}],"wp:attachment":[{"href":"https:\/\/www.das-thueringen-dach.de\/index.php?rest_route=%2Fwp%2Fv2%2Fmedia&parent=160"}],"curies":[{"name":"wp","href":"https:\/\/api.w.org\/{rel}","templated":true}]}}